{"id":6199,"date":"2026-02-14T16:04:26","date_gmt":"2026-02-14T15:04:26","guid":{"rendered":"https:\/\/wtz.edu.pl\/%d0%bf%d1%96%d0%b4%d1%80%d1%83%d1%87%d0%bd%d0%b8%d0%ba%d0%b8\/"},"modified":"2026-02-24T15:54:15","modified_gmt":"2026-02-24T14:54:15","slug":"%d0%bf%d1%96%d0%b4%d1%80%d1%83%d1%87%d0%bd%d0%b8%d0%ba%d0%b8","status":"publish","type":"page","link":"https:\/\/wtz.edu.pl\/uk\/%d0%bf%d1%96%d0%b4%d1%80%d1%83%d1%87%d0%bd%d0%b8%d0%ba%d0%b8\/","title":{"rendered":"\u041f\u0456\u0434\u0440\u0443\u0447\u043d\u0438\u043a\u0438"},"content":{"rendered":"\t\t<div data-elementor-type=\"wp-page\" data-elementor-id=\"6199\" class=\"elementor elementor-6199 elementor-4970\" data-elementor-post-type=\"page\">\n\t\t\t\t<div class=\"elementor-element elementor-element-46b97c08 e-flex e-con-boxed e-con e-parent\" data-id=\"46b97c08\" data-element_type=\"container\" data-e-type=\"container\">\n\t\t\t\t\t<div class=\"e-con-inner\">\n\t\t<div class=\"elementor-element elementor-element-f97539b e-con-full e-flex e-con e-child\" data-id=\"f97539b\" data-element_type=\"container\" data-e-type=\"container\">\n\t\t\t\t<div class=\"elementor-element elementor-element-de1c994 elementor-widget elementor-widget-heading\" data-id=\"de1c994\" data-element_type=\"widget\" data-e-type=\"widget\" data-widget_type=\"heading.default\">\n\t\t\t\t\t<h2 class=\"elementor-heading-title elementor-size-default\">\u041f\u0435\u0440\u0435\u043b\u0456\u043a \u043f\u0456\u0434\u0440\u0443\u0447\u043d\u0438\u043a\u0456\u0432<\/h2>\t\t\t\t<\/div>\n\t\t\t\t<\/div>\n\t\t<div class=\"elementor-element elementor-element-6a914a4d e-con-full e-flex e-con e-child\" data-id=\"6a914a4d\" data-element_type=\"container\" data-e-type=\"container\" data-settings=\"{&quot;background_background&quot;:&quot;classic&quot;}\">\n\t\t<div class=\"elementor-element elementor-element-c8390af e-con-full e-flex e-con e-child\" data-id=\"c8390af\" data-element_type=\"container\" data-e-type=\"container\">\n\t\t<div class=\"elementor-element elementor-element-6bdea2a4 e-con-full e-flex e-con e-child\" data-id=\"6bdea2a4\" data-element_type=\"container\" data-e-type=\"container\" data-settings=\"{&quot;background_background&quot;:&quot;classic&quot;}\">\n\t\t\t\t<div class=\"elementor-element elementor-element-54fd4ef9 elementor-widget__width-auto elementor-widget elementor-widget-shortcode\" data-id=\"54fd4ef9\" data-element_type=\"widget\" data-e-type=\"widget\" data-widget_type=\"shortcode.default\">\n\t\t\t\t\t\t\t<div class=\"elementor-shortcode\"><a class=\"_df_thumb \"  href=\"#\"  data-slug=\"podreczniki-technik-informatyk\" data-_slug=\"podreczniki-technik-informatyk\" _slug=\"podreczniki-technik-informatyk\" data-title=\"podreczniki-technik-informatyk\" id=\"df_4975\" data-df-option=\"df_option_4975\" thumb=\"https:\/\/wtz.edu.pl\/wp-content\/uploads\/dflip-thumbs\/4975.jpeg?1771092174\"  >Podr\u0119czniki &#8211; Technik Informatyk<\/a><script class=\"df-shortcode-script\" nowprocket type=\"application\/javascript\">window.df_option_4975 = {\"source\":\"https:\\\/\\\/wtz.edu.pl\\\/wp-content\\\/uploads\\\/2026\\\/02\\\/Technik-informatyk.pdf\",\"outline\":[],\"overwritePDFOutline\":false,\"pageSize\":\"0\",\"slug\":\"podreczniki-technik-informatyk\",\"wpOptions\":\"true\",\"id\":4975}; if(window.DFLIP && window.DFLIP.parseBooks){window.DFLIP.parseBooks();}<\/script><\/div>\n\t\t\t\t\t\t<\/div>\n\t\t\t\t<div class=\"elementor-element elementor-element-1096337d elementor-widget elementor-widget-text-editor\" data-id=\"1096337d\" data-element_type=\"widget\" data-e-type=\"widget\" data-widget_type=\"text-editor.default\">\n\t\t\t\t\t\t\t\t\t<p>\u0422\u0435\u0445\u043d\u0456\u043a-\u0456\u043d\u0444\u043e\u0440\u043c\u0430\u0442\u0438\u043a<\/p>\t\t\t\t\t\t\t\t<\/div>\n\t\t\t\t<\/div>\n\t\t<div class=\"elementor-element elementor-element-67e4e28a e-con-full e-flex e-con e-child\" data-id=\"67e4e28a\" data-element_type=\"container\" data-e-type=\"container\" data-settings=\"{&quot;background_background&quot;:&quot;classic&quot;}\">\n\t\t\t\t<div class=\"elementor-element elementor-element-213aa533 elementor-widget__width-auto elementor-widget elementor-widget-shortcode\" data-id=\"213aa533\" data-element_type=\"widget\" data-e-type=\"widget\" data-widget_type=\"shortcode.default\">\n\t\t\t\t\t\t\t<div class=\"elementor-shortcode\"><a class=\"_df_thumb \"  href=\"#\"  data-slug=\"podreczniki-technik-programista\" data-_slug=\"podreczniki-technik-programista\" _slug=\"podreczniki-technik-programista\" data-title=\"podreczniki-technik-programista\" id=\"df_5015\" data-df-option=\"df_option_5015\" thumb=\"https:\/\/wtz.edu.pl\/wp-content\/uploads\/dflip-thumbs\/5015.jpeg?1771092250\"  >Podr\u0119czniki &#8211; Technik Programista<\/a><script class=\"df-shortcode-script\" nowprocket type=\"application\/javascript\">window.df_option_5015 = {\"source\":\"https:\\\/\\\/wtz.edu.pl\\\/wp-content\\\/uploads\\\/2026\\\/02\\\/Technik-Porgramista.pdf\",\"outline\":[],\"overwritePDFOutline\":false,\"pageSize\":\"0\",\"slug\":\"podreczniki-technik-programista\",\"wpOptions\":\"true\",\"id\":5015}; if(window.DFLIP && window.DFLIP.parseBooks){window.DFLIP.parseBooks();}<\/script><\/div>\n\t\t\t\t\t\t<\/div>\n\t\t\t\t<div class=\"elementor-element elementor-element-7be5cc49 elementor-widget elementor-widget-text-editor\" data-id=\"7be5cc49\" data-element_type=\"widget\" data-e-type=\"widget\" data-widget_type=\"text-editor.default\">\n\t\t\t\t\t\t\t\t\t<p>\u0422\u0435\u0445\u043d\u0456\u043a-\u043f\u0440\u043e\u0433\u0440\u0430\u043c\u0456\u0441\u0442<\/p>\t\t\t\t\t\t\t\t<\/div>\n\t\t\t\t<\/div>\n\t\t<div class=\"elementor-element elementor-element-e3f21f8 e-con-full e-flex e-con e-child\" data-id=\"e3f21f8\" data-element_type=\"container\" data-e-type=\"container\" data-settings=\"{&quot;background_background&quot;:&quot;classic&quot;}\">\n\t\t\t\t<div class=\"elementor-element elementor-element-49c6ff4 elementor-widget__width-auto elementor-widget elementor-widget-shortcode\" data-id=\"49c6ff4\" data-element_type=\"widget\" data-e-type=\"widget\" data-widget_type=\"shortcode.default\">\n\t\t\t\t\t\t\t<div class=\"elementor-shortcode\"><a class=\"_df_thumb \"  href=\"#\"  data-slug=\"podreczniki-technik-logistyk\" data-_slug=\"podreczniki-technik-logistyk\" _slug=\"podreczniki-technik-logistyk\" data-title=\"podreczniki-technik-logistyk\" id=\"df_6126\" data-df-option=\"df_option_6126\" thumb=\"https:\/\/wtz.edu.pl\/wp-content\/uploads\/dflip-thumbs\/6126.jpeg?1771859696\"  >Podr\u0119czniki &#8211; Technik Logistyk<\/a><script class=\"df-shortcode-script\" nowprocket type=\"application\/javascript\">window.df_option_6126 = {\"source\":\"https:\\\/\\\/wtz.edu.pl\\\/wp-content\\\/uploads\\\/2026\\\/02\\\/Technik-logistyk.pdf\",\"outline\":[],\"overwritePDFOutline\":false,\"pageSize\":\"0\",\"slug\":\"podreczniki-technik-logistyk\",\"wpOptions\":\"true\",\"id\":6126}; if(window.DFLIP && window.DFLIP.parseBooks){window.DFLIP.parseBooks();}<\/script><\/div>\n\t\t\t\t\t\t<\/div>\n\t\t\t\t<div class=\"elementor-element elementor-element-315acd6 elementor-widget elementor-widget-text-editor\" data-id=\"315acd6\" data-element_type=\"widget\" data-e-type=\"widget\" data-widget_type=\"text-editor.default\">\n\t\t\t\t\t\t\t\t\t<p>\u0422\u0435\u0445\u043d\u0456\u043a-\u043b\u043e\u0433\u0456\u0441\u0442<\/p>\t\t\t\t\t\t\t\t<\/div>\n\t\t\t\t<\/div>\n\t\t\t\t<\/div>\n\t\t<div class=\"elementor-element elementor-element-6c5f9b5 e-con-full e-flex e-con e-child\" data-id=\"6c5f9b5\" data-element_type=\"container\" data-e-type=\"container\">\n\t\t<div class=\"elementor-element elementor-element-6fe68eb e-con-full e-flex e-con e-child\" data-id=\"6fe68eb\" data-element_type=\"container\" data-e-type=\"container\" data-settings=\"{&quot;background_background&quot;:&quot;classic&quot;}\">\n\t\t\t\t<div class=\"elementor-element elementor-element-33b9036 elementor-widget__width-auto elementor-widget elementor-widget-shortcode\" data-id=\"33b9036\" data-element_type=\"widget\" data-e-type=\"widget\" data-widget_type=\"shortcode.default\">\n\t\t\t\t\t\t\t<div class=\"elementor-shortcode\"><a class=\"_df_thumb \"  href=\"#\"  data-slug=\"podreczniki-technik-rachunkowosci\" data-_slug=\"podreczniki-technik-rachunkowosci\" _slug=\"podreczniki-technik-rachunkowosci\" data-title=\"podreczniki-technik-rachunkowosci\" id=\"df_5025\" data-df-option=\"df_option_5025\" thumb=\"https:\/\/wtz.edu.pl\/wp-content\/uploads\/dflip-thumbs\/5025.jpeg?1771091688\"  >Podr\u0119czniki &#8211; Technik Rachunkowo\u015bci<\/a><script class=\"df-shortcode-script\" nowprocket type=\"application\/javascript\">window.df_option_5025 = {\"source\":\"https:\\\/\\\/wtz.edu.pl\\\/wp-content\\\/uploads\\\/2026\\\/02\\\/Technik-Rachunkowosci.pdf\",\"outline\":[],\"overwritePDFOutline\":false,\"pageSize\":\"0\",\"slug\":\"podreczniki-technik-rachunkowosci\",\"wpOptions\":\"true\",\"id\":5025}; if(window.DFLIP && window.DFLIP.parseBooks){window.DFLIP.parseBooks();}<\/script><\/div>\n\t\t\t\t\t\t<\/div>\n\t\t\t\t<div class=\"elementor-element elementor-element-988d264 elementor-widget elementor-widget-text-editor\" data-id=\"988d264\" data-element_type=\"widget\" data-e-type=\"widget\" data-widget_type=\"text-editor.default\">\n\t\t\t\t\t\t\t\t\t<p>\u0422\u0435\u0445\u043d\u0456\u043a-\u0431\u0443\u0445\u0433\u0430\u043b\u0442\u0435\u0440<\/p>\t\t\t\t\t\t\t\t<\/div>\n\t\t\t\t<\/div>\n\t\t<div class=\"elementor-element elementor-element-2157d5a e-con-full e-flex e-con e-child\" data-id=\"2157d5a\" data-element_type=\"container\" data-e-type=\"container\" data-settings=\"{&quot;background_background&quot;:&quot;classic&quot;}\">\n\t\t\t\t<div class=\"elementor-element elementor-element-f8f8db2 elementor-widget__width-auto elementor-widget elementor-widget-shortcode\" data-id=\"f8f8db2\" data-element_type=\"widget\" data-e-type=\"widget\" data-widget_type=\"shortcode.default\">\n\t\t\t\t\t\t\t<div class=\"elementor-shortcode\"><a class=\"_df_thumb \"  href=\"#\"  data-slug=\"podreczniki-technik-reklamy\" data-_slug=\"podreczniki-technik-reklamy\" _slug=\"podreczniki-technik-reklamy\" data-title=\"podreczniki-technik-reklamy\" id=\"df_5020\" data-df-option=\"df_option_5020\" thumb=\"https:\/\/wtz.edu.pl\/wp-content\/uploads\/dflip-thumbs\/5020.jpeg?1771091583\"  >Podr\u0119czniki &#8211; Technik Reklamy<\/a><script class=\"df-shortcode-script\" nowprocket type=\"application\/javascript\">window.df_option_5020 = {\"source\":\"https:\\\/\\\/wtz.edu.pl\\\/wp-content\\\/uploads\\\/2026\\\/02\\\/Technik-reklamy.pdf\",\"outline\":[],\"overwritePDFOutline\":false,\"pageSize\":\"0\",\"slug\":\"podreczniki-technik-reklamy\",\"wpOptions\":\"true\",\"id\":5020}; if(window.DFLIP && window.DFLIP.parseBooks){window.DFLIP.parseBooks();}<\/script><\/div>\n\t\t\t\t\t\t<\/div>\n\t\t\t\t<div class=\"elementor-element elementor-element-1584278 elementor-widget elementor-widget-text-editor\" data-id=\"1584278\" data-element_type=\"widget\" data-e-type=\"widget\" data-widget_type=\"text-editor.default\">\n\t\t\t\t\t\t\t\t\t<p>\u0422\u0435\u0445\u043d\u0456\u043a \u0437 \u0440\u0435\u043a\u043b\u0430\u043c\u0438<\/p>\t\t\t\t\t\t\t\t<\/div>\n\t\t\t\t<\/div>\n\t\t<div class=\"elementor-element elementor-element-befc144 e-con-full e-flex e-con e-child\" data-id=\"befc144\" data-element_type=\"container\" data-e-type=\"container\" data-settings=\"{&quot;background_background&quot;:&quot;classic&quot;}\">\n\t\t\t\t<div class=\"elementor-element elementor-element-c5624fb elementor-widget__width-auto elementor-widget elementor-widget-shortcode\" data-id=\"c5624fb\" data-element_type=\"widget\" data-e-type=\"widget\" data-widget_type=\"shortcode.default\">\n\t\t\t\t\t\t\t<div class=\"elementor-shortcode\"><a class=\"_df_thumb \"  href=\"#\"  data-slug=\"podreczniki-technik-aranzacji-wnetrz\" data-_slug=\"podreczniki-technik-aranzacji-wnetrz\" _slug=\"podreczniki-technik-aranzacji-wnetrz\" data-title=\"podreczniki-technik-aranzacji-wnetrz\" id=\"df_5030\" data-df-option=\"df_option_5030\" thumb=\"https:\/\/wtz.edu.pl\/wp-content\/uploads\/dflip-thumbs\/5030.jpeg?1771091792\"  >Podr\u0119czniki &#8211; Technik Aran\u017cacji Wn\u0119trz<\/a><script class=\"df-shortcode-script\" nowprocket type=\"application\/javascript\">window.df_option_5030 = {\"source\":\"https:\\\/\\\/wtz.edu.pl\\\/wp-content\\\/uploads\\\/2026\\\/02\\\/Technik-Aranzacji-Wnetrz.pdf\",\"outline\":[],\"overwritePDFOutline\":false,\"pageSize\":\"0\",\"slug\":\"podreczniki-technik-aranzacji-wnetrz\",\"wpOptions\":\"true\",\"id\":5030}; if(window.DFLIP && window.DFLIP.parseBooks){window.DFLIP.parseBooks();}<\/script><\/div>\n\t\t\t\t\t\t<\/div>\n\t\t\t\t<div class=\"elementor-element elementor-element-c097416 elementor-widget elementor-widget-text-editor\" data-id=\"c097416\" data-element_type=\"widget\" data-e-type=\"widget\" data-widget_type=\"text-editor.default\">\n\t\t\t\t\t\t\t\t\t<p>\u0422\u0435\u0445\u043d\u0456\u043a \u0437 \u0434\u0438\u0437\u0430\u0439\u043d\u0443 \u0456\u043d\u0442\u0435\u0440&#8217;\u0454\u0440\u0443<\/p>\t\t\t\t\t\t\t\t<\/div>\n\t\t\t\t<\/div>\n\t\t\t\t<\/div>\n\t\t<div class=\"elementor-element elementor-element-ba204e4 e-con-full e-flex e-con e-child\" data-id=\"ba204e4\" data-element_type=\"container\" data-e-type=\"container\">\n\t\t<div class=\"elementor-element elementor-element-ea02054 e-con-full e-flex e-con e-child\" data-id=\"ea02054\" data-element_type=\"container\" data-e-type=\"container\" data-settings=\"{&quot;background_background&quot;:&quot;classic&quot;}\">\n\t\t\t\t<div class=\"elementor-element elementor-element-3a94f21 elementor-widget__width-auto elementor-widget elementor-widget-shortcode\" data-id=\"3a94f21\" data-element_type=\"widget\" data-e-type=\"widget\" data-widget_type=\"shortcode.default\">\n\t\t\t\t\t\t\t<div class=\"elementor-shortcode\"><a class=\"_df_thumb \"  href=\"#\"  data-slug=\"podreczniki-technik-fotografii-i-multimediow\" data-_slug=\"podreczniki-technik-fotografii-i-multimediow\" _slug=\"podreczniki-technik-fotografii-i-multimediow\" data-title=\"podreczniki-technik-fotografii-i-multimediow\" id=\"df_5035\" data-df-option=\"df_option_5035\" thumb=\"https:\/\/wtz.edu.pl\/wp-content\/uploads\/dflip-thumbs\/5035.jpeg?1771091891\"  >Podr\u0119czniki &#8211; Technik Fotografii i Multimedi\u00f3w<\/a><script class=\"df-shortcode-script\" nowprocket type=\"application\/javascript\">window.df_option_5035 = {\"source\":\"https:\\\/\\\/wtz.edu.pl\\\/wp-content\\\/uploads\\\/2026\\\/02\\\/Technik-Fotografii-i-Multimediow.pdf\",\"outline\":[],\"overwritePDFOutline\":false,\"pageSize\":\"0\",\"slug\":\"podreczniki-technik-fotografii-i-multimediow\",\"wpOptions\":\"true\",\"id\":5035}; if(window.DFLIP && window.DFLIP.parseBooks){window.DFLIP.parseBooks();}<\/script><\/div>\n\t\t\t\t\t\t<\/div>\n\t\t\t\t<div class=\"elementor-element elementor-element-7e84b7d elementor-widget elementor-widget-text-editor\" data-id=\"7e84b7d\" data-element_type=\"widget\" data-e-type=\"widget\" data-widget_type=\"text-editor.default\">\n\t\t\t\t\t\t\t\t\t<p>\u0422\u0435\u0445\u043d\u0456\u043a \u0444\u043e\u0442\u043e\u0433\u0440\u0430\u0444\u0456\u0457<br>\u0442\u0430 \u043c\u0443\u043b\u044c\u0442\u0438\u043c\u0435\u0434\u0456\u0430<\/p>\t\t\t\t\t\t\t\t<\/div>\n\t\t\t\t<\/div>\n\t\t<div class=\"elementor-element elementor-element-84ad898 e-con-full e-flex e-con e-child\" data-id=\"84ad898\" data-element_type=\"container\" data-e-type=\"container\" data-settings=\"{&quot;background_background&quot;:&quot;classic&quot;}\">\n\t\t\t\t<div class=\"elementor-element elementor-element-6142993 elementor-widget__width-auto elementor-widget elementor-widget-shortcode\" data-id=\"6142993\" data-element_type=\"widget\" data-e-type=\"widget\" data-widget_type=\"shortcode.default\">\n\t\t\t\t\t\t\t<div class=\"elementor-shortcode\"><a class=\"_df_thumb \"  href=\"#\"  data-slug=\"podreczniki-technik-architektury-krajobrazu\" data-_slug=\"podreczniki-technik-architektury-krajobrazu\" _slug=\"podreczniki-technik-architektury-krajobrazu\" data-title=\"podreczniki-technik-architektury-krajobrazu\" id=\"df_5037\" data-df-option=\"df_option_5037\" thumb=\"https:\/\/wtz.edu.pl\/wp-content\/uploads\/dflip-thumbs\/5037.jpeg?1771091991\"  >Podr\u0119czniki &#8211; Technik Architektury Krajobrazu<\/a><script class=\"df-shortcode-script\" nowprocket type=\"application\/javascript\">window.df_option_5037 = {\"source\":\"https:\\\/\\\/wtz.edu.pl\\\/wp-content\\\/uploads\\\/2026\\\/02\\\/Technik-Architektury-Krajobrazu.pdf\",\"outline\":[],\"overwritePDFOutline\":false,\"pageSize\":\"0\",\"slug\":\"podreczniki-technik-architektury-krajobrazu\",\"wpOptions\":\"true\",\"id\":5037}; if(window.DFLIP && window.DFLIP.parseBooks){window.DFLIP.parseBooks();}<\/script><\/div>\n\t\t\t\t\t\t<\/div>\n\t\t\t\t<div class=\"elementor-element elementor-element-97bcf88 elementor-widget elementor-widget-text-editor\" data-id=\"97bcf88\" data-element_type=\"widget\" data-e-type=\"widget\" data-widget_type=\"text-editor.default\">\n\t\t\t\t\t\t\t\t\t<p>\u0422\u0435\u0445\u043d\u0456\u043a<br>\u043b\u0430\u043d\u0434\u0448\u0430\u0444\u0442\u043d\u043e\u0457 \u0430\u0440\u0445\u0456\u0442\u0435\u043a\u0442\u0443\u0440\u0438<\/p>\t\t\t\t\t\t\t\t<\/div>\n\t\t\t\t<\/div>\n\t\t<div class=\"elementor-element elementor-element-e1fa5d6 e-con-full e-flex e-con e-child\" data-id=\"e1fa5d6\" data-element_type=\"container\" data-e-type=\"container\" data-settings=\"{&quot;background_background&quot;:&quot;classic&quot;}\">\n\t\t\t\t<div class=\"elementor-element elementor-element-2b43ebc elementor-widget__width-auto elementor-widget elementor-widget-shortcode\" data-id=\"2b43ebc\" data-element_type=\"widget\" data-e-type=\"widget\" data-widget_type=\"shortcode.default\">\n\t\t\t\t\t\t\t<div class=\"elementor-shortcode\"><a class=\"_df_thumb \"  href=\"#\"  data-slug=\"podreczniki-technik-urzadzen-i-systemow-energetyki-odnawialnej\" data-_slug=\"podreczniki-technik-urzadzen-i-systemow-energetyki-odnawialnej\" _slug=\"podreczniki-technik-urzadzen-i-systemow-energetyki-odnawialnej\" data-title=\"podreczniki-technik-urzadzen-i-systemow-energetyki-odnawialnej\" id=\"df_5040\" data-df-option=\"df_option_5040\" thumb=\"https:\/\/wtz.edu.pl\/wp-content\/uploads\/dflip-thumbs\/5040.jpeg?1771092082\"  >Podr\u0119czniki &#8211; Technik Urz\u0105dze\u0144 i System\u00f3w Energetyki Odnawialnej<\/a><script class=\"df-shortcode-script\" nowprocket type=\"application\/javascript\">window.df_option_5040 = {\"source\":\"https:\\\/\\\/wtz.edu.pl\\\/wp-content\\\/uploads\\\/2026\\\/02\\\/Technik-Urzadzen-i-Systemow-Energetyki-Odnawialnej.pdf\",\"outline\":[],\"overwritePDFOutline\":false,\"pageSize\":\"0\",\"slug\":\"podreczniki-technik-urzadzen-i-systemow-energetyki-odnawialnej\",\"wpOptions\":\"true\",\"id\":5040}; if(window.DFLIP && window.DFLIP.parseBooks){window.DFLIP.parseBooks();}<\/script><\/div>\n\t\t\t\t\t\t<\/div>\n\t\t\t\t<div class=\"elementor-element elementor-element-fc76c54 elementor-widget elementor-widget-text-editor\" data-id=\"fc76c54\" data-element_type=\"widget\" data-e-type=\"widget\" data-widget_type=\"text-editor.default\">\n\t\t\t\t\t\t\t\t\t<p>\u0422\u0435\u0445\u043d\u0456\u043a \u0437 \u041e\u0431\u043b\u0430\u0434\u043d\u0430\u043d\u043d\u044f \u0442\u0430 \u0421\u0438\u0441\u0442\u0435\u043c \u0412\u0456\u0434\u043d\u043e\u0432\u043b\u044e\u0432\u0430\u043d\u043e\u0457 \u0415\u043d\u0435\u0440\u0433\u0435\u0442\u0438\u043a\u0438<\/p>\t\t\t\t\t\t\t\t<\/div>\n\t\t\t\t<\/div>\n\t\t\t\t<\/div>\n\t\t\t\t<\/div>\n\t\t\t\t\t<\/div>\n\t\t\t\t<\/div>\n\t\t\t\t<\/div>\n\t\t","protected":false},"excerpt":{"rendered":"<p>\u041f\u0435\u0440\u0435\u043b\u0456\u043a \u043f\u0456\u0434\u0440\u0443\u0447\u043d\u0438\u043a\u0456\u0432 \u0422\u0435\u0445\u043d\u0456\u043a-\u0456\u043d\u0444\u043e\u0440\u043c\u0430\u0442\u0438\u043a \u0422\u0435\u0445\u043d\u0456\u043a-\u043f\u0440\u043e\u0433\u0440\u0430\u043c\u0456\u0441\u0442 \u0422\u0435\u0445\u043d\u0456\u043a-\u043b\u043e\u0433\u0456\u0441\u0442 \u0422\u0435\u0445\u043d\u0456\u043a-\u0431\u0443\u0445\u0433\u0430\u043b\u0442\u0435\u0440 \u0422\u0435\u0445\u043d\u0456\u043a \u0437 \u0440\u0435\u043a\u043b\u0430\u043c\u0438 \u0422\u0435\u0445\u043d\u0456\u043a \u0437 \u0434\u0438\u0437\u0430\u0439\u043d\u0443 \u0456\u043d\u0442\u0435\u0440&#8217;\u0454\u0440\u0443 \u0422\u0435\u0445\u043d\u0456\u043a \u0444\u043e\u0442\u043e\u0433\u0440\u0430\u0444\u0456\u0457\u0442\u0430 \u043c\u0443\u043b\u044c\u0442\u0438\u043c\u0435\u0434\u0456\u0430 \u0422\u0435\u0445\u043d\u0456\u043a\u043b\u0430\u043d\u0434\u0448\u0430\u0444\u0442\u043d\u043e\u0457 \u0430\u0440\u0445\u0456\u0442\u0435\u043a\u0442\u0443\u0440\u0438 \u0422\u0435\u0445\u043d\u0456\u043a \u0437 \u041e\u0431\u043b\u0430\u0434\u043d\u0430\u043d\u043d\u044f \u0442\u0430 \u0421\u0438\u0441\u0442\u0435\u043c \u0412\u0456\u0434\u043d\u043e\u0432\u043b\u044e\u0432\u0430\u043d\u043e\u0457 \u0415\u043d\u0435\u0440\u0433\u0435\u0442\u0438\u043a\u0438<\/p>\n","protected":false},"author":1,"featured_media":0,"parent":0,"menu_order":0,"comment_status":"closed","ping_status":"closed","template":"","meta":{"footnotes":""},"class_list":["post-6199","page","type-page","status-publish","hentry"],"_links":{"self":[{"href":"https:\/\/wtz.edu.pl\/uk\/wp-json\/wp\/v2\/pages\/6199","targetHints":{"allow":["GET"]}}],"collection":[{"href":"https:\/\/wtz.edu.pl\/uk\/wp-json\/wp\/v2\/pages"}],"about":[{"href":"https:\/\/wtz.edu.pl\/uk\/wp-json\/wp\/v2\/types\/page"}],"author":[{"embeddable":true,"href":"https:\/\/wtz.edu.pl\/uk\/wp-json\/wp\/v2\/users\/1"}],"replies":[{"embeddable":true,"href":"https:\/\/wtz.edu.pl\/uk\/wp-json\/wp\/v2\/comments?post=6199"}],"version-history":[{"count":1,"href":"https:\/\/wtz.edu.pl\/uk\/wp-json\/wp\/v2\/pages\/6199\/revisions"}],"predecessor-version":[{"id":6200,"href":"https:\/\/wtz.edu.pl\/uk\/wp-json\/wp\/v2\/pages\/6199\/revisions\/6200"}],"wp:attachment":[{"href":"https:\/\/wtz.edu.pl\/uk\/wp-json\/wp\/v2\/media?parent=6199"}],"curies":[{"name":"wp","href":"https:\/\/api.w.org\/{rel}","templated":true}]}}